{"id":872,"date":"2021-02-15T09:36:13","date_gmt":"2021-02-15T08:36:13","guid":{"rendered":"http:\/\/polforns.com\/?page_id=872"},"modified":"2022-06-20T12:39:25","modified_gmt":"2022-06-20T10:39:25","slug":"como-anadir-mi-feed-de-instragram-en-la-web","status":"publish","type":"page","link":"https:\/\/polforns.com\/ca\/diseno-web\/guias\/como-anadir-mi-feed-de-instragram-en-la-web\/","title":{"rendered":"C\u00f3mo a\u00f1adir mi Feed de Instragram en la Web"},"content":{"rendered":"<div data-elementor-type=\"wp-page\" data-elementor-id=\"872\" class=\"elementor elementor-872\" data-elementor-post-type=\"page\">\n\t\t\t\t\t\t<section class=\"elementor-section elementor-top-section elementor-element elementor-element-0825252 elementor-section-stretched elementor-section-full_width elementor-section-height-default elementor-section-height-default\" data-id=\"0825252\" data-element_type=\"section\" data-e-type=\"section\" data-settings=\"{&quot;stretch_section&quot;:&quot;section-stretched&quot;,&quot;background_background&quot;:&quot;classic&quot;}\">\n\t\t\t\t\t\t\t<div class=\"elementor-background-overlay\"><\/div>\n\t\t\t\t\t\t\t<div class=\"elementor-container elementor-column-gap-default\">\n\t\t\t\t\t<div class=\"elementor-column elementor-col-100 elementor-top-column elementor-element elementor-element-8806595\" data-id=\"8806595\" data-element_type=\"column\" data-e-type=\"column\">\n\t\t\t<div class=\"elementor-widget-wrap elementor-element-populated\">\n\t\t\t\t\t\t<div class=\"elementor-element elementor-element-c3431e8 elementor-widget elementor-widget-heading\" data-id=\"c3431e8\" data-element_type=\"widget\" data-e-type=\"widget\" data-widget_type=\"heading.default\">\n\t\t\t\t<div class=\"elementor-widget-container\">\n\t\t\t\t\t<h1 class=\"elementor-heading-title elementor-size-default\">C\u00f3mo a\u00f1adir mi Feed de Instragram en la Web<\/h1>\t\t\t\t<\/div>\n\t\t\t\t<\/div>\n\t\t\t\t\t<\/div>\n\t\t<\/div>\n\t\t\t\t\t<\/div>\n\t\t<\/section>\n\t\t\t\t<section class=\"elementor-section elementor-top-section elementor-element elementor-element-90ac1a9 elementor-section-boxed elementor-section-height-default elementor-section-height-default\" data-id=\"90ac1a9\" data-element_type=\"section\" data-e-type=\"section\">\n\t\t\t\t\t\t<div class=\"elementor-container elementor-column-gap-default\">\n\t\t\t\t\t<div class=\"elementor-column elementor-col-100 elementor-top-column elementor-element elementor-element-66a3773\" data-id=\"66a3773\" data-element_type=\"column\" data-e-type=\"column\">\n\t\t\t<div class=\"elementor-widget-wrap elementor-element-populated\">\n\t\t\t\t\t\t<div class=\"elementor-element elementor-element-606b112 elementor-widget elementor-widget-text-editor\" data-id=\"606b112\" data-element_type=\"widget\" data-e-type=\"widget\" data-widget_type=\"text-editor.default\">\n\t\t\t\t<div class=\"elementor-widget-container\">\n\t\t\t\t\t\t\t\t\t<p>En \u00e9sta breve gu\u00eda vamos a ver c\u00f3mo conectar tu Feed de Instagram a tu sitio web para mostrar los \u00faltimos posts publicados en \u00e9sta plataforma.<\/p><p>Conecta tu Feed de Instagram en s\u00f3lo dos minutos siguiendo unos sencillos pasos.<\/p><p>Si no tienes el plugin de Instagram Feed instalado, <a href=\"#instalar-ig\"><span style=\"text-decoration: underline;\"><strong>aqu\u00ed te ense\u00f1o c\u00f3mo<\/strong><\/span><strong> hacerlo<\/strong><\/a>.<\/p>\t\t\t\t\t\t\t\t<\/div>\n\t\t\t\t<\/div>\n\t\t\t\t<div class=\"elementor-element elementor-element-ada12b5 elementor-widget elementor-widget-heading\" data-id=\"ada12b5\" data-element_type=\"widget\" data-e-type=\"widget\" data-widget_type=\"heading.default\">\n\t\t\t\t<div class=\"elementor-widget-container\">\n\t\t\t\t\t<h2 class=\"elementor-heading-title elementor-size-default\">Gu\u00eda en v\u00eddeo para conectar tu Feed de Instagram<\/h2>\t\t\t\t<\/div>\n\t\t\t\t<\/div>\n\t\t\t\t<div class=\"elementor-element elementor-element-7a8add6 elementor-widget elementor-widget-video\" data-id=\"7a8add6\" data-element_type=\"widget\" data-e-type=\"widget\" data-settings=\"{&quot;youtube_url&quot;:&quot;https:\\\/\\\/www.youtube.com\\\/watch?v=mO3Y0ZE-GxU&quot;,&quot;video_type&quot;:&quot;youtube&quot;,&quot;controls&quot;:&quot;yes&quot;}\" data-widget_type=\"video.default\">\n\t\t\t\t<div class=\"elementor-widget-container\">\n\t\t\t\t\t\t\t<div class=\"elementor-wrapper elementor-open-inline\">\n\t\t\t<div class=\"elementor-video\"><\/div>\t\t<\/div>\n\t\t\t\t\t\t<\/div>\n\t\t\t\t<\/div>\n\t\t\t\t<div class=\"elementor-element elementor-element-c999814 elementor-widget elementor-widget-heading\" data-id=\"c999814\" data-element_type=\"widget\" data-e-type=\"widget\" data-widget_type=\"heading.default\">\n\t\t\t\t<div class=\"elementor-widget-container\">\n\t\t\t\t\t<h2 class=\"elementor-heading-title elementor-size-default\">Gu\u00eda escrita para conectar tu Feed de Instagram<\/h2>\t\t\t\t<\/div>\n\t\t\t\t<\/div>\n\t\t\t\t<div class=\"elementor-element elementor-element-de600ef elementor-widget elementor-widget-heading\" data-id=\"de600ef\" data-element_type=\"widget\" data-e-type=\"widget\" data-widget_type=\"heading.default\">\n\t\t\t\t<div class=\"elementor-widget-container\">\n\t\t\t\t\t<h3 class=\"elementor-heading-title elementor-size-default\">PASO 1<\/h3>\t\t\t\t<\/div>\n\t\t\t\t<\/div>\n\t\t\t\t<div class=\"elementor-element elementor-element-4f3fb7b elementor-widget elementor-widget-text-editor\" data-id=\"4f3fb7b\" data-element_type=\"widget\" data-e-type=\"widget\" data-widget_type=\"text-editor.default\">\n\t\t\t\t<div class=\"elementor-widget-container\">\n\t\t\t\t\t\t\t\t\t<p>Entrar en el panel de WordPress en: https:\/\/tusitioweb.com<strong>\/wp-admin<\/strong><\/p><p>Introducir tu usuario y contrase\u00f1a de acceso<\/p>\t\t\t\t\t\t\t\t<\/div>\n\t\t\t\t<\/div>\n\t\t\t\t<div class=\"elementor-element elementor-element-2f521c0 elementor-widget elementor-widget-heading\" data-id=\"2f521c0\" data-element_type=\"widget\" data-e-type=\"widget\" data-widget_type=\"heading.default\">\n\t\t\t\t<div class=\"elementor-widget-container\">\n\t\t\t\t\t<h3 class=\"elementor-heading-title elementor-size-default\">PASO 2<\/h3>\t\t\t\t<\/div>\n\t\t\t\t<\/div>\n\t\t\t\t<div class=\"elementor-element elementor-element-594c01b elementor-widget elementor-widget-text-editor\" data-id=\"594c01b\" data-element_type=\"widget\" data-e-type=\"widget\" data-widget_type=\"text-editor.default\">\n\t\t\t\t<div class=\"elementor-widget-container\">\n\t\t\t\t\t\t\t\t\t<p>Una vez dentro del panel, acceder en el men\u00fa lateral al apartado de <strong>Instagram Feed<\/strong><\/p>\t\t\t\t\t\t\t\t<\/div>\n\t\t\t\t<\/div>\n\t\t\t\t<div class=\"elementor-element elementor-element-e6d7fe2 elementor-widget elementor-widget-image\" data-id=\"e6d7fe2\" data-element_type=\"widget\" data-e-type=\"widget\" data-widget_type=\"image.default\">\n\t\t\t\t<div class=\"elementor-widget-container\">\n\t\t\t\t\t\t\t\t\t\t\t\t\t\t\t<img fetchpriority=\"high\" decoding=\"async\" width=\"1296\" height=\"586\" src=\"https:\/\/polforns.com\/wp-content\/uploads\/instagram-feed-1.jpg\" class=\"attachment-full size-full wp-image-883\" alt=\"\" srcset=\"https:\/\/polforns.com\/wp-content\/uploads\/instagram-feed-1.jpg 1296w, https:\/\/polforns.com\/wp-content\/uploads\/instagram-feed-1-300x136.jpg 300w, https:\/\/polforns.com\/wp-content\/uploads\/instagram-feed-1-1024x463.jpg 1024w, https:\/\/polforns.com\/wp-content\/uploads\/instagram-feed-1-768x347.jpg 768w, https:\/\/polforns.com\/wp-content\/uploads\/instagram-feed-1-16x7.jpg 16w\" sizes=\"(max-width: 1296px) 100vw, 1296px\" \/>\t\t\t\t\t\t\t\t\t\t\t\t\t\t\t<\/div>\n\t\t\t\t<\/div>\n\t\t\t\t<div class=\"elementor-element elementor-element-a09638d elementor-widget elementor-widget-heading\" data-id=\"a09638d\" data-element_type=\"widget\" data-e-type=\"widget\" data-widget_type=\"heading.default\">\n\t\t\t\t<div class=\"elementor-widget-container\">\n\t\t\t\t\t<h3 class=\"elementor-heading-title elementor-size-default\">PASO 3<\/h3>\t\t\t\t<\/div>\n\t\t\t\t<\/div>\n\t\t\t\t<div class=\"elementor-element elementor-element-08d4f08 elementor-widget elementor-widget-text-editor\" data-id=\"08d4f08\" data-element_type=\"widget\" data-e-type=\"widget\" data-widget_type=\"text-editor.default\">\n\t\t\t\t<div class=\"elementor-widget-container\">\n\t\t\t\t\t\t\t\t\t<p>Hacer click en el bot\u00f3n de Conecta una cuenta de Instagram<\/p>\t\t\t\t\t\t\t\t<\/div>\n\t\t\t\t<\/div>\n\t\t\t\t<div class=\"elementor-element elementor-element-9d66d8d elementor-widget elementor-widget-image\" data-id=\"9d66d8d\" data-element_type=\"widget\" data-e-type=\"widget\" data-widget_type=\"image.default\">\n\t\t\t\t<div class=\"elementor-widget-container\">\n\t\t\t\t\t\t\t\t\t\t\t\t\t\t\t<img decoding=\"async\" width=\"1302\" height=\"874\" src=\"https:\/\/polforns.com\/wp-content\/uploads\/instagram-feed-2.jpg\" class=\"attachment-full size-full wp-image-884\" alt=\"\" srcset=\"https:\/\/polforns.com\/wp-content\/uploads\/instagram-feed-2.jpg 1302w, https:\/\/polforns.com\/wp-content\/uploads\/instagram-feed-2-300x201.jpg 300w, https:\/\/polforns.com\/wp-content\/uploads\/instagram-feed-2-1024x687.jpg 1024w, https:\/\/polforns.com\/wp-content\/uploads\/instagram-feed-2-768x516.jpg 768w, https:\/\/polforns.com\/wp-content\/uploads\/instagram-feed-2-16x12.jpg 16w\" sizes=\"(max-width: 1302px) 100vw, 1302px\" \/>\t\t\t\t\t\t\t\t\t\t\t\t\t\t\t<\/div>\n\t\t\t\t<\/div>\n\t\t\t\t<div class=\"elementor-element elementor-element-48f0416 elementor-widget elementor-widget-heading\" data-id=\"48f0416\" data-element_type=\"widget\" data-e-type=\"widget\" data-widget_type=\"heading.default\">\n\t\t\t\t<div class=\"elementor-widget-container\">\n\t\t\t\t\t<h3 class=\"elementor-heading-title elementor-size-default\">PASO 4<\/h3>\t\t\t\t<\/div>\n\t\t\t\t<\/div>\n\t\t\t\t<div class=\"elementor-element elementor-element-e1b12dc elementor-widget elementor-widget-text-editor\" data-id=\"e1b12dc\" data-element_type=\"widget\" data-e-type=\"widget\" data-widget_type=\"text-editor.default\">\n\t\t\t\t<div class=\"elementor-widget-container\">\n\t\t\t\t\t\t\t\t\t<p>Se va a abrir un selector de tipo de cuenta. Selecciona qu\u00e9 tipo de cuenta quieres conectar. Si tienes dado de alta tu cuenta de Instagram como Business selecciona esa opci\u00f3n, de lo contrario la Personal.<\/p>\t\t\t\t\t\t\t\t<\/div>\n\t\t\t\t<\/div>\n\t\t\t\t<div class=\"elementor-element elementor-element-7b8c46b elementor-widget elementor-widget-image\" data-id=\"7b8c46b\" data-element_type=\"widget\" data-e-type=\"widget\" data-widget_type=\"image.default\">\n\t\t\t\t<div class=\"elementor-widget-container\">\n\t\t\t\t\t\t\t\t\t\t\t\t\t\t\t<img decoding=\"async\" width=\"682\" height=\"364\" src=\"https:\/\/polforns.com\/wp-content\/uploads\/instagram-feed-3.jpg\" class=\"attachment-full size-full wp-image-885\" alt=\"\" srcset=\"https:\/\/polforns.com\/wp-content\/uploads\/instagram-feed-3.jpg 682w, https:\/\/polforns.com\/wp-content\/uploads\/instagram-feed-3-300x160.jpg 300w, https:\/\/polforns.com\/wp-content\/uploads\/instagram-feed-3-16x9.jpg 16w\" sizes=\"(max-width: 682px) 100vw, 682px\" \/>\t\t\t\t\t\t\t\t\t\t\t\t\t\t\t<\/div>\n\t\t\t\t<\/div>\n\t\t\t\t<div class=\"elementor-element elementor-element-46845d1 elementor-widget elementor-widget-heading\" data-id=\"46845d1\" data-element_type=\"widget\" data-e-type=\"widget\" data-widget_type=\"heading.default\">\n\t\t\t\t<div class=\"elementor-widget-container\">\n\t\t\t\t\t<h3 class=\"elementor-heading-title elementor-size-default\">PASO 4<\/h3>\t\t\t\t<\/div>\n\t\t\t\t<\/div>\n\t\t\t\t<div class=\"elementor-element elementor-element-48a80f8 elementor-widget elementor-widget-text-editor\" data-id=\"48a80f8\" data-element_type=\"widget\" data-e-type=\"widget\" data-widget_type=\"text-editor.default\">\n\t\t\t\t<div class=\"elementor-widget-container\">\n\t\t\t\t\t\t\t\t\t<p>A partir de aqu\u00ed se va abrir Instagram y te va a pedir que conectes tu cuenta y des permiso a la aplicaci\u00f3n para conectarse.<\/p><p>En el caso de acceder a una cuenta Business, el proceso de conexi\u00f3n se har\u00e1 a trav\u00e9s de Facebook.<\/p><p>Una vez conectado va a salir una ventana con todas tus cuentas disponibles, s\u00f3lo tienes que seleccionar la cuenta de Instagram que quieres conectar si es que tienes m\u00e1s de una.<\/p><p>Una vez termines de vincular la cuenta deber\u00eda salir conectada en la pesta\u00f1a de Instagram Feed de WordPress.<\/p>\t\t\t\t\t\t\t\t<\/div>\n\t\t\t\t<\/div>\n\t\t\t\t<div class=\"elementor-element elementor-element-e25a76c elementor-widget elementor-widget-image\" data-id=\"e25a76c\" data-element_type=\"widget\" data-e-type=\"widget\" data-widget_type=\"image.default\">\n\t\t\t\t<div class=\"elementor-widget-container\">\n\t\t\t\t\t\t\t\t\t\t\t\t\t\t\t<img loading=\"lazy\" decoding=\"async\" width=\"1264\" height=\"356\" src=\"https:\/\/polforns.com\/wp-content\/uploads\/instagram-feed-4.jpg\" class=\"attachment-full size-full wp-image-882\" alt=\"\" srcset=\"https:\/\/polforns.com\/wp-content\/uploads\/instagram-feed-4.jpg 1264w, https:\/\/polforns.com\/wp-content\/uploads\/instagram-feed-4-300x84.jpg 300w, https:\/\/polforns.com\/wp-content\/uploads\/instagram-feed-4-1024x288.jpg 1024w, https:\/\/polforns.com\/wp-content\/uploads\/instagram-feed-4-768x216.jpg 768w, https:\/\/polforns.com\/wp-content\/uploads\/instagram-feed-4-16x5.jpg 16w\" sizes=\"(max-width: 1264px) 100vw, 1264px\" \/>\t\t\t\t\t\t\t\t\t\t\t\t\t\t\t<\/div>\n\t\t\t\t<\/div>\n\t\t\t\t<div class=\"elementor-element elementor-element-68f2233 elementor-widget elementor-widget-text-editor\" data-id=\"68f2233\" data-element_type=\"widget\" data-e-type=\"widget\" data-widget_type=\"text-editor.default\">\n\t\t\t\t<div class=\"elementor-widget-container\">\n\t\t\t\t\t\t\t\t\t<p><strong>\u00a1Es todo! Tu perfil de Instagram se deber\u00eda estar mostrando en tu sitio web.<\/strong><\/p>\t\t\t\t\t\t\t\t<\/div>\n\t\t\t\t<\/div>\n\t\t\t\t<div class=\"elementor-element elementor-element-6364a7a elementor-widget elementor-widget-heading\" data-id=\"6364a7a\" data-element_type=\"widget\" data-e-type=\"widget\" data-widget_type=\"heading.default\">\n\t\t\t\t<div class=\"elementor-widget-container\">\n\t\t\t\t\t<div class=\"elementor-heading-title elementor-size-default\">\u00a1NOTA IMPORTANTE!<\/div>\t\t\t\t<\/div>\n\t\t\t\t<\/div>\n\t\t\t\t<div class=\"elementor-element elementor-element-912ab90 elementor-widget elementor-widget-text-editor\" data-id=\"912ab90\" data-element_type=\"widget\" data-e-type=\"widget\" data-widget_type=\"text-editor.default\">\n\t\t\t\t<div class=\"elementor-widget-container\">\n\t\t\t\t\t\t\t\t\t<p>Si se cambia la contrase\u00f1a de Instagram se deber\u00e1 de volver a conectar dicha cuenta siguiendo otra vez los pasos explicados o no se mostrar\u00e1n posts nuevos.<\/p>\t\t\t\t\t\t\t\t<\/div>\n\t\t\t\t<\/div>\n\t\t\t\t<div class=\"elementor-element elementor-element-519eeb5 elementor-widget elementor-widget-heading\" data-id=\"519eeb5\" data-element_type=\"widget\" data-e-type=\"widget\" id=\"instalar-ig\" data-widget_type=\"heading.default\">\n\t\t\t\t<div class=\"elementor-widget-container\">\n\t\t\t\t\t<h2 class=\"elementor-heading-title elementor-size-default\">Gu\u00eda en v\u00eddeo para INSTALAR y conectar tu Feed de Instagram<\/h2>\t\t\t\t<\/div>\n\t\t\t\t<\/div>\n\t\t\t\t<div class=\"elementor-element elementor-element-8f7dc69 elementor-widget elementor-widget-text-editor\" data-id=\"8f7dc69\" data-element_type=\"widget\" data-e-type=\"widget\" data-widget_type=\"text-editor.default\">\n\t\t\t\t<div class=\"elementor-widget-container\">\n\t\t\t\t\t\t\t\t\t<p>Si no tienes el plugin de Smash Ballon Instagram Feed instalado aqu\u00ed te dejo una gu\u00eda para instalarlo y configurarlo.<\/p>\t\t\t\t\t\t\t\t<\/div>\n\t\t\t\t<\/div>\n\t\t\t\t<div class=\"elementor-element elementor-element-6e6a195 elementor-widget elementor-widget-video\" data-id=\"6e6a195\" data-element_type=\"widget\" data-e-type=\"widget\" data-settings=\"{&quot;youtube_url&quot;:&quot;https:\\\/\\\/www.youtube.com\\\/watch?v=jECCJBOBvXc&quot;,&quot;video_type&quot;:&quot;youtube&quot;,&quot;controls&quot;:&quot;yes&quot;}\" data-widget_type=\"video.default\">\n\t\t\t\t<div class=\"elementor-widget-container\">\n\t\t\t\t\t\t\t<div class=\"elementor-wrapper elementor-open-inline\">\n\t\t\t<div class=\"elementor-video\"><\/div>\t\t<\/div>\n\t\t\t\t\t\t<\/div>\n\t\t\t\t<\/div>\n\t\t\t\t\t<\/div>\n\t\t<\/div>\n\t\t\t\t\t<\/div>\n\t\t<\/section>\n\t\t\t\t<section class=\"elementor-section elementor-top-section elementor-element elementor-element-2d013b3 elementor-reverse-mobile elementor-section-boxed elementor-section-height-default elementor-section-height-default\" data-id=\"2d013b3\" data-element_type=\"section\" data-e-type=\"section\">\n\t\t\t\t\t\t<div class=\"elementor-container elementor-column-gap-default\">\n\t\t\t\t\t<div class=\"elementor-column elementor-col-33 elementor-top-column elementor-element elementor-element-d428584\" data-id=\"d428584\" data-element_type=\"column\" data-e-type=\"column\">\n\t\t\t<div class=\"elementor-widget-wrap elementor-element-populated\">\n\t\t\t\t\t\t<div class=\"elementor-element elementor-element-5ba9974 elementor-widget elementor-widget-button\" data-id=\"5ba9974\" data-element_type=\"widget\" data-e-type=\"widget\" data-widget_type=\"button.default\">\n\t\t\t\t<div class=\"elementor-widget-container\">\n\t\t\t\t\t\t\t\t\t<div class=\"elementor-button-wrapper\">\n\t\t\t\t\t<a class=\"elementor-button elementor-button-link elementor-size-sm elementor-animation-grow\" href=\"http:\/\/polforns.com\/ca\/diseno-web\/guias\/\">\n\t\t\t\t\t\t<span class=\"elementor-button-content-wrapper\">\n\t\t\t\t\t\t<span class=\"elementor-button-icon\">\n\t\t\t\t<svg aria-hidden=\"true\" class=\"e-font-icon-svg e-fas-chevron-left\" viewbox=\"0 0 320 512\" xmlns=\"http:\/\/www.w3.org\/2000\/svg\"><path d=\"M34.52 239.03L228.87 44.69c9.37-9.37 24.57-9.37 33.94 0l22.67 22.67c9.36 9.36 9.37 24.52.04 33.9L131.49 256l154.02 154.75c9.34 9.38 9.32 24.54-.04 33.9l-22.67 22.67c-9.37 9.37-24.57 9.37-33.94 0L34.52 272.97c-9.37-9.37-9.37-24.57 0-33.94z\"><\/path><\/svg>\t\t\t<\/span>\n\t\t\t\t\t\t\t\t\t<span class=\"elementor-button-text\">TORNAR A GUIES<\/span>\n\t\t\t\t\t<\/span>\n\t\t\t\t\t<\/a>\n\t\t\t\t<\/div>\n\t\t\t\t\t\t\t\t<\/div>\n\t\t\t\t<\/div>\n\t\t\t\t\t<\/div>\n\t\t<\/div>\n\t\t\t\t<div class=\"elementor-column elementor-col-66 elementor-top-column elementor-element elementor-element-6a7311c\" data-id=\"6a7311c\" data-element_type=\"column\" data-e-type=\"column\">\n\t\t\t<div class=\"elementor-widget-wrap\">\n\t\t\t\t\t\t\t<\/div>\n\t\t<\/div>\n\t\t\t\t\t<\/div>\n\t\t<\/section>\n\t\t\t\t<\/div>","protected":false},"excerpt":{"rendered":"<p>C\u00f3mo a\u00f1adir mi Feed de Instragram en la Web En \u00e9sta breve gu\u00eda vamos a ver c\u00f3mo conectar tu Feed de Instagram a tu sitio web para mostrar los \u00faltimos posts publicados en \u00e9sta plataforma. Conecta tu Feed de Instagram en s\u00f3lo dos minutos siguiendo unos sencillos pasos. Si no tienes el plugin de Instagram [&hellip;]<\/p>\n","protected":false},"author":2,"featured_media":0,"parent":638,"menu_order":0,"comment_status":"closed","ping_status":"closed","template":"","meta":{"inline_featured_image":false,"footnotes":""},"class_list":["post-872","page","type-page","status-publish","hentry"],"_links":{"self":[{"href":"https:\/\/polforns.com\/ca\/wp-json\/wp\/v2\/pages\/872","targetHints":{"allow":["GET"]}}],"collection":[{"href":"https:\/\/polforns.com\/ca\/wp-json\/wp\/v2\/pages"}],"about":[{"href":"https:\/\/polforns.com\/ca\/wp-json\/wp\/v2\/types\/page"}],"author":[{"embeddable":true,"href":"https:\/\/polforns.com\/ca\/wp-json\/wp\/v2\/users\/2"}],"replies":[{"embeddable":true,"href":"https:\/\/polforns.com\/ca\/wp-json\/wp\/v2\/comments?post=872"}],"version-history":[{"count":5,"href":"https:\/\/polforns.com\/ca\/wp-json\/wp\/v2\/pages\/872\/revisions"}],"predecessor-version":[{"id":2263,"href":"https:\/\/polforns.com\/ca\/wp-json\/wp\/v2\/pages\/872\/revisions\/2263"}],"up":[{"embeddable":true,"href":"https:\/\/polforns.com\/ca\/wp-json\/wp\/v2\/pages\/638"}],"wp:attachment":[{"href":"https:\/\/polforns.com\/ca\/wp-json\/wp\/v2\/media?parent=872"}],"curies":[{"name":"wp","href":"https:\/\/api.w.org\/{rel}","templated":true}]}}