{"id":665,"date":"2020-12-14T12:48:28","date_gmt":"2020-12-14T11:48:28","guid":{"rendered":"http:\/\/polforns.com\/?page_id=665"},"modified":"2022-03-09T19:57:34","modified_gmt":"2022-03-09T18:57:34","slug":"breve-explicacion-hostings-dominios","status":"publish","type":"page","link":"https:\/\/polforns.com\/ca\/diseno-web\/guias\/breve-explicacion-hostings-dominios\/","title":{"rendered":"Vull tindre la meva p\u00e0gina web, qu\u00e8 necessito per comen\u00e7ar? Breu explicaci\u00f3 de Hostings i Dominis."},"content":{"rendered":"<div data-elementor-type=\"wp-page\" data-elementor-id=\"665\" class=\"elementor elementor-665\" data-elementor-post-type=\"page\">\n\t\t\t\t\t\t<section class=\"elementor-section elementor-top-section elementor-element elementor-element-48feb4f elementor-section-stretched elementor-section-full_width elementor-section-height-default elementor-section-height-default\" data-id=\"48feb4f\" data-element_type=\"section\" data-e-type=\"section\" data-settings=\"{&quot;stretch_section&quot;:&quot;section-stretched&quot;,&quot;background_background&quot;:&quot;classic&quot;}\">\n\t\t\t\t\t\t\t<div class=\"elementor-background-overlay\"><\/div>\n\t\t\t\t\t\t\t<div class=\"elementor-container elementor-column-gap-default\">\n\t\t\t\t\t<div class=\"elementor-column elementor-col-100 elementor-top-column elementor-element elementor-element-f80260e\" data-id=\"f80260e\" data-element_type=\"column\" data-e-type=\"column\">\n\t\t\t<div class=\"elementor-widget-wrap elementor-element-populated\">\n\t\t\t\t\t\t<div class=\"elementor-element elementor-element-de5960d elementor-widget elementor-widget-heading\" data-id=\"de5960d\" data-element_type=\"widget\" data-e-type=\"widget\" data-widget_type=\"heading.default\">\n\t\t\t\t<div class=\"elementor-widget-container\">\n\t\t\t\t\t<h1 class=\"elementor-heading-title elementor-size-default\">Vull tindre la meva p\u00e0gina web, qu\u00e8 necessito per comen\u00e7ar? Breu explicaci\u00f3 de Hostings i Dominis.<\/h1>\t\t\t\t<\/div>\n\t\t\t\t<\/div>\n\t\t\t\t\t<\/div>\n\t\t<\/div>\n\t\t\t\t\t<\/div>\n\t\t<\/section>\n\t\t\t\t<section class=\"elementor-section elementor-top-section elementor-element elementor-element-a439e04 elementor-section-boxed elementor-section-height-default elementor-section-height-default\" data-id=\"a439e04\" data-element_type=\"section\" data-e-type=\"section\">\n\t\t\t\t\t\t<div class=\"elementor-container elementor-column-gap-default\">\n\t\t\t\t\t<div class=\"elementor-column elementor-col-100 elementor-top-column elementor-element elementor-element-e18a09c\" data-id=\"e18a09c\" data-element_type=\"column\" data-e-type=\"column\">\n\t\t\t<div class=\"elementor-widget-wrap elementor-element-populated\">\n\t\t\t\t\t\t<div class=\"elementor-element elementor-element-9dd09db elementor-widget elementor-widget-text-editor\" data-id=\"9dd09db\" data-element_type=\"widget\" data-e-type=\"widget\" data-widget_type=\"text-editor.default\">\n\t\t\t\t<div class=\"elementor-widget-container\">\n\t\t\t\t\t\t\t\t\t<p>Si has decidit llan\u00e7ar-te en la teva primera aventura virtual amb la teva p\u00e0gina web pot ser que tinguis un munt de dubtes a el respecte de com comen\u00e7ar exactament amb tot aix\u00f2. \u00a1AIX\u00d2 \u00c9S NORMAL!<\/p><p class=\"translation-block\">De les preguntes que m\u00e9s em solen preguntar al principi s\u00f3n sens dubte les seg\u00fcents: <strong> Qu\u00e8 necessito perqu\u00e8 la meva web funcioni? Qu\u00e8 \u00e9s aix\u00f2 dels Hostings i els Dominis? <\/strong><\/p><p class=\"translation-block\">Si et trobes amb aquests dubtes has anat a parar al lloc adequat, et far\u00e9 una <strong>brev\u00edssima introducci\u00f3<\/strong> al tema de hostings i dominis (ser\u00e0 molt breu, t'ho prometo) perqu\u00e8 ho entenguis en un parell de minuts. Som-hi!<\/p>\t\t\t\t\t\t\t\t<\/div>\n\t\t\t\t<\/div>\n\t\t\t\t<div class=\"elementor-element elementor-element-f0d0d31 elementor-widget elementor-widget-heading\" data-id=\"f0d0d31\" data-element_type=\"widget\" data-e-type=\"widget\" data-widget_type=\"heading.default\">\n\t\t\t\t<div class=\"elementor-widget-container\">\n\t\t\t\t\t<h2 class=\"elementor-heading-title elementor-size-default\">Qu\u00e8 necessita una web per funcionar?<\/h2>\t\t\t\t<\/div>\n\t\t\t\t<\/div>\n\t\t\t\t<div class=\"elementor-element elementor-element-33ebc8b elementor-widget elementor-widget-text-editor\" data-id=\"33ebc8b\" data-element_type=\"widget\" data-e-type=\"widget\" data-widget_type=\"text-editor.default\">\n\t\t\t\t<div class=\"elementor-widget-container\">\n\t\t\t\t\t\t\t\t\t<p class=\"translation-block\"><strong>Perqu\u00e8 una web funcioni<\/strong> i se li pugui introduir contingut (mitjan\u00e7ant, per exemple, WordPress) <strong>necessita dues coses, un Domini i un servidor o Hosting. <\/strong><\/p>\t\t\t\t\t\t\t\t<\/div>\n\t\t\t\t<\/div>\n\t\t\t\t<div class=\"elementor-element elementor-element-01bb078 elementor-widget elementor-widget-heading\" data-id=\"01bb078\" data-element_type=\"widget\" data-e-type=\"widget\" data-widget_type=\"heading.default\">\n\t\t\t\t<div class=\"elementor-widget-container\">\n\t\t\t\t\t<h2 class=\"elementor-heading-title elementor-size-default\">Dominis<\/h2>\t\t\t\t<\/div>\n\t\t\t\t<\/div>\n\t\t\t\t\t<\/div>\n\t\t<\/div>\n\t\t\t\t\t<\/div>\n\t\t<\/section>\n\t\t\t\t<section class=\"elementor-section elementor-top-section elementor-element elementor-element-5c6a2a9 elementor-section-boxed elementor-section-height-default elementor-section-height-default\" data-id=\"5c6a2a9\" data-element_type=\"section\" data-e-type=\"section\">\n\t\t\t\t\t\t<div class=\"elementor-container elementor-column-gap-default\">\n\t\t\t\t\t<div class=\"elementor-column elementor-col-66 elementor-top-column elementor-element elementor-element-744cb3a\" data-id=\"744cb3a\" data-element_type=\"column\" data-e-type=\"column\">\n\t\t\t<div class=\"elementor-widget-wrap elementor-element-populated\">\n\t\t\t\t\t\t<div class=\"elementor-element elementor-element-d4677fc elementor-widget elementor-widget-text-editor\" data-id=\"d4677fc\" data-element_type=\"widget\" data-e-type=\"widget\" data-widget_type=\"text-editor.default\">\n\t\t\t\t<div class=\"elementor-widget-container\">\n\t\t\t\t\t\t\t\t\t<p class=\"translation-block\"><strong>Un Domini no \u00e9s m\u00e9s que una adre\u00e7a<\/strong> com l'adre\u00e7a postal de casa teva, <strong>per\u00f2 virtual<\/strong>. Li diu al teu navegador quin nom t\u00e9 la teva web i on est\u00e0 situada.<\/p>\n<p>Els dominis tenen aquesta pinta: www.polforns.com o simplement polforns.com. S\u00f3n col\u00b7loquialment anomenats noms de les webs.<\/p>\n<p class=\"translation-block\"><strong>Per <a href=\"http:\/\/polforns.com\/ca\/diseno-web\/guias\/que-hosting-elijo-para-mi-web\/\" target=\"_self\">comprar el teu domini<\/a> haur\u00e0s tenir clares dues coses, el nom i l'extensi\u00f3. <\/strong> En l'exemple polforns.com, \"polforns\" \u00e9s el nom del meu domini web i \".com\" \u00e9s l'extensi\u00f3.<\/p>\n<p>Com a informaci\u00f3 extra, els dominis com el .cat estan localitzats en llocs concrets (Catalunya en aquest cas) i els dominis com el .com o el .net s\u00f3n dominis globals. Si el teu p\u00fablic estar\u00e0 localitzat o ser\u00e0 global et pot interessar m\u00e9s una extensi\u00f3 o una altra.<\/p>\t\t\t\t\t\t\t\t<\/div>\n\t\t\t\t<\/div>\n\t\t\t\t\t<\/div>\n\t\t<\/div>\n\t\t\t\t<div class=\"elementor-column elementor-col-33 elementor-top-column elementor-element elementor-element-3097063\" data-id=\"3097063\" data-element_type=\"column\" data-e-type=\"column\">\n\t\t\t<div class=\"elementor-widget-wrap elementor-element-populated\">\n\t\t\t\t\t\t<div class=\"elementor-element elementor-element-52e04aa elementor-widget elementor-widget-image\" data-id=\"52e04aa\" data-element_type=\"widget\" data-e-type=\"widget\" data-widget_type=\"image.default\">\n\t\t\t\t<div class=\"elementor-widget-container\">\n\t\t\t\t\t\t\t\t\t\t\t\t\t\t\t<img fetchpriority=\"high\" decoding=\"async\" width=\"800\" height=\"800\" src=\"https:\/\/polforns.com\/wp-content\/uploads\/dominio-web.svg\" class=\"attachment-large size-large wp-image-748\" alt=\"\" \/>\t\t\t\t\t\t\t\t\t\t\t\t\t\t\t<\/div>\n\t\t\t\t<\/div>\n\t\t\t\t\t<\/div>\n\t\t<\/div>\n\t\t\t\t\t<\/div>\n\t\t<\/section>\n\t\t\t\t<section class=\"elementor-section elementor-top-section elementor-element elementor-element-065f853 elementor-section-boxed elementor-section-height-default elementor-section-height-default\" data-id=\"065f853\" data-element_type=\"section\" data-e-type=\"section\">\n\t\t\t\t\t\t<div class=\"elementor-container elementor-column-gap-default\">\n\t\t\t\t\t<div class=\"elementor-column elementor-col-100 elementor-top-column elementor-element elementor-element-dba572d\" data-id=\"dba572d\" data-element_type=\"column\" data-e-type=\"column\">\n\t\t\t<div class=\"elementor-widget-wrap elementor-element-populated\">\n\t\t\t\t\t\t<div class=\"elementor-element elementor-element-ae4f2a7 elementor-widget elementor-widget-heading\" data-id=\"ae4f2a7\" data-element_type=\"widget\" data-e-type=\"widget\" data-widget_type=\"heading.default\">\n\t\t\t\t<div class=\"elementor-widget-container\">\n\t\t\t\t\t<h2 class=\"elementor-heading-title elementor-size-default\">Hostings<\/h2>\t\t\t\t<\/div>\n\t\t\t\t<\/div>\n\t\t\t\t<div class=\"elementor-element elementor-element-9ab7e79 elementor-widget elementor-widget-text-editor\" data-id=\"9ab7e79\" data-element_type=\"widget\" data-e-type=\"widget\" data-widget_type=\"text-editor.default\">\n\t\t\t\t<div class=\"elementor-widget-container\">\n\t\t\t\t\t\t\t\t\t<p class=\"translation-block\">Arribem al segon element que tota web ha de tenir, el Hosting o servidor. <strong>Solament amb un domini no \u00e9s suficient perqu\u00e8 una web funcioni<\/strong>, es necessita algun lloc on posar tota la informaci\u00f3, fotos, etc, que cont\u00e9 el teu web. I aix\u00f2 \u00e9s exactament el que un Hosting \u00e9s!<\/p><p><strong>Un hosting \u00e9s un ordinador connectat a internet tot el dia on es guarda tota la informaci\u00f3 del teu web i s'encarrega d'enviar-la als teus visitants.<\/strong><\/p><p class=\"translation-block\">Existeixen multitud d'empreses que ofereixen serveis de Hosting amb diferents preus i funcionalitats, en la <a href=\"http:\/\/polforns.com\/ca\/diseno-web\/guias\/que-hosting-elijo-para-mi-web\/\" target=\"_self\">seg\u00fcent guia<\/a> t'aconsellar\u00e9 alguns que al meu entendre s\u00f3n els ideals per a comen\u00e7ar la teva pres\u00e8ncia online.<\/p>\t\t\t\t\t\t\t\t<\/div>\n\t\t\t\t<\/div>\n\t\t\t\t<div class=\"elementor-element elementor-element-764e41f elementor-widget elementor-widget-heading\" data-id=\"764e41f\" data-element_type=\"widget\" data-e-type=\"widget\" data-widget_type=\"heading.default\">\n\t\t\t\t<div class=\"elementor-widget-container\">\n\t\t\t\t\t<h2 class=\"elementor-heading-title elementor-size-default\">Ja ho tens!<\/h2>\t\t\t\t<\/div>\n\t\t\t\t<\/div>\n\t\t\t\t<div class=\"elementor-element elementor-element-3425e22 elementor-widget elementor-widget-text-editor\" data-id=\"3425e22\" data-element_type=\"widget\" data-e-type=\"widget\" data-widget_type=\"text-editor.default\">\n\t\t\t\t<div class=\"elementor-widget-container\">\n\t\t\t\t\t\t\t\t\t<p>Espero que hagis apr\u00e8s el b\u00e0sic sobre Hostings i Dominis i tinguis una miqueta m\u00e9s clar el que necessites per a comen\u00e7ar la teva aventura virtual.<\/p><p class=\"translation-block\"><strong>En la seg\u00fcent guia et recomanar\u00e9 les millors opcions per a contractar hostings i dominis<\/strong> i com fer-ho, <a href=\"http:\/\/polforns.com\/ca\/diseno-web\/guias\/que-hosting-elijo-para-mi-web\/\" target=\"_self\">t'espero all\u00e0!<\/a><\/p><p>Salutacions!<\/p>\t\t\t\t\t\t\t\t<\/div>\n\t\t\t\t<\/div>\n\t\t\t\t\t<\/div>\n\t\t<\/div>\n\t\t\t\t\t<\/div>\n\t\t<\/section>\n\t\t\t\t<section class=\"elementor-section elementor-top-section elementor-element elementor-element-bd699b8 elementor-reverse-mobile elementor-section-boxed elementor-section-height-default elementor-section-height-default\" data-id=\"bd699b8\" data-element_type=\"section\" data-e-type=\"section\">\n\t\t\t\t\t\t<div class=\"elementor-container elementor-column-gap-default\">\n\t\t\t\t\t<div class=\"elementor-column elementor-col-33 elementor-top-column elementor-element elementor-element-aaefaff\" data-id=\"aaefaff\" data-element_type=\"column\" data-e-type=\"column\">\n\t\t\t<div class=\"elementor-widget-wrap elementor-element-populated\">\n\t\t\t\t\t\t<div class=\"elementor-element elementor-element-d1d8618 elementor-widget elementor-widget-button\" data-id=\"d1d8618\" data-element_type=\"widget\" data-e-type=\"widget\" data-widget_type=\"button.default\">\n\t\t\t\t<div class=\"elementor-widget-container\">\n\t\t\t\t\t\t\t\t\t<div class=\"elementor-button-wrapper\">\n\t\t\t\t\t<a class=\"elementor-button elementor-button-link elementor-size-sm elementor-animation-grow\" href=\"http:\/\/polforns.com\/ca\/diseno-web\/guias\/\">\n\t\t\t\t\t\t<span class=\"elementor-button-content-wrapper\">\n\t\t\t\t\t\t<span class=\"elementor-button-icon\">\n\t\t\t\t<svg aria-hidden=\"true\" class=\"e-font-icon-svg e-fas-chevron-left\" viewbox=\"0 0 320 512\" xmlns=\"http:\/\/www.w3.org\/2000\/svg\"><path d=\"M34.52 239.03L228.87 44.69c9.37-9.37 24.57-9.37 33.94 0l22.67 22.67c9.36 9.36 9.37 24.52.04 33.9L131.49 256l154.02 154.75c9.34 9.38 9.32 24.54-.04 33.9l-22.67 22.67c-9.37 9.37-24.57 9.37-33.94 0L34.52 272.97c-9.37-9.37-9.37-24.57 0-33.94z\"><\/path><\/svg>\t\t\t<\/span>\n\t\t\t\t\t\t\t\t\t<span class=\"elementor-button-text\">TORNAR A GUIES<\/span>\n\t\t\t\t\t<\/span>\n\t\t\t\t\t<\/a>\n\t\t\t\t<\/div>\n\t\t\t\t\t\t\t\t<\/div>\n\t\t\t\t<\/div>\n\t\t\t\t\t<\/div>\n\t\t<\/div>\n\t\t\t\t<div class=\"elementor-column elementor-col-66 elementor-top-column elementor-element elementor-element-34f03f7\" data-id=\"34f03f7\" data-element_type=\"column\" data-e-type=\"column\">\n\t\t\t<div class=\"elementor-widget-wrap elementor-element-populated\">\n\t\t\t\t\t\t<div class=\"elementor-element elementor-element-44e8893 elementor-align-right elementor-widget elementor-widget-button\" data-id=\"44e8893\" data-element_type=\"widget\" data-e-type=\"widget\" data-widget_type=\"button.default\">\n\t\t\t\t<div class=\"elementor-widget-container\">\n\t\t\t\t\t\t\t\t\t<div class=\"elementor-button-wrapper\">\n\t\t\t\t\t<a class=\"elementor-button elementor-button-link elementor-size-sm elementor-animation-grow\" href=\"http:\/\/polforns.com\/ca\/diseno-web\/guias\/que-hosting-elijo-para-mi-web\/\">\n\t\t\t\t\t\t<span class=\"elementor-button-content-wrapper\">\n\t\t\t\t\t\t<span class=\"elementor-button-icon\">\n\t\t\t\t<svg aria-hidden=\"true\" class=\"e-font-icon-svg e-fas-chevron-right\" viewbox=\"0 0 320 512\" xmlns=\"http:\/\/www.w3.org\/2000\/svg\"><path d=\"M285.476 272.971L91.132 467.314c-9.373 9.373-24.569 9.373-33.941 0l-22.667-22.667c-9.357-9.357-9.375-24.522-.04-33.901L188.505 256 34.484 101.255c-9.335-9.379-9.317-24.544.04-33.901l22.667-22.667c9.373-9.373 24.569-9.373 33.941 0L285.475 239.03c9.373 9.372 9.373 24.568.001 33.941z\"><\/path><\/svg>\t\t\t<\/span>\n\t\t\t\t\t\t\t\t\t<span class=\"elementor-button-text\">QUIN HOSTING TRIO PER LA MEVA WEB?<\/span>\n\t\t\t\t\t<\/span>\n\t\t\t\t\t<\/a>\n\t\t\t\t<\/div>\n\t\t\t\t\t\t\t\t<\/div>\n\t\t\t\t<\/div>\n\t\t\t\t\t<\/div>\n\t\t<\/div>\n\t\t\t\t\t<\/div>\n\t\t<\/section>\n\t\t\t\t<section class=\"elementor-section elementor-top-section elementor-element elementor-element-158d9f5a elementor-section-boxed elementor-section-height-default elementor-section-height-default\" data-id=\"158d9f5a\" data-element_type=\"section\" data-e-type=\"section\">\n\t\t\t\t\t\t<div class=\"elementor-container elementor-column-gap-default\">\n\t\t\t\t\t<div class=\"elementor-column elementor-col-100 elementor-top-column elementor-element elementor-element-190dec7e\" data-id=\"190dec7e\" data-element_type=\"column\" data-e-type=\"column\">\n\t\t\t<div class=\"elementor-widget-wrap elementor-element-populated\">\n\t\t\t\t\t\t<div class=\"elementor-element elementor-element-293ea9f1 elementor-widget elementor-widget-shortcode\" data-id=\"293ea9f1\" data-element_type=\"widget\" data-e-type=\"widget\" data-widget_type=\"shortcode.default\">\n\t\t\t\t<div class=\"elementor-widget-container\">\n\t\t\t\t\t  <div style=\"text-align: center;\">\r\n    <p>Valora el servei, gr\u00e0cies!<\/p>\r\n    \n\n<div class=\"kk-star-ratings kksr-template\"\n    data-payload='{&quot;id&quot;:&quot;665&quot;,&quot;slug&quot;:&quot;default&quot;,&quot;ignore&quot;:&quot;&quot;,&quot;reference&quot;:&quot;template&quot;,&quot;align&quot;:&quot;&quot;,&quot;class&quot;:&quot;&quot;,&quot;count&quot;:&quot;3&quot;,&quot;legendonly&quot;:&quot;&quot;,&quot;readonly&quot;:&quot;&quot;,&quot;score&quot;:&quot;5&quot;,&quot;starsonly&quot;:&quot;&quot;,&quot;valign&quot;:&quot;&quot;,&quot;best&quot;:&quot;5&quot;,&quot;gap&quot;:&quot;4&quot;,&quot;greet&quot;:&quot;Valora la p\u00e1gina, \u00a1gracias!&quot;,&quot;legend&quot;:&quot;5\\\/5 - (3 votes)&quot;,&quot;size&quot;:&quot;20&quot;,&quot;title&quot;:&quot;Quiero tener mi p\u00e1gina web, \u00bfqu\u00e9 necesito para empezar? Breve explicaci\u00f3n de Hostings y Dominios.&quot;,&quot;width&quot;:&quot;118&quot;,&quot;_legend&quot;:&quot;{score}\\\/{best} - ({count} {votes})&quot;,&quot;font_factor&quot;:&quot;1.25&quot;}'>\n            \n<div class=\"kksr-stars\">\n    \n<div class=\"kksr-stars-inactive\">\n            <div class=\"kksr-star\" data-star=\"1\" style=\"padding-right: 4px\">\n            \n\n<div class=\"kksr-icon\" style=\"width: 20px; height: 20px;\"><\/div>\n        <\/div>\n            <div class=\"kksr-star\" data-star=\"2\" style=\"padding-right: 4px\">\n            \n\n<div class=\"kksr-icon\" style=\"width: 20px; height: 20px;\"><\/div>\n        <\/div>\n            <div class=\"kksr-star\" data-star=\"3\" style=\"padding-right: 4px\">\n            \n\n<div class=\"kksr-icon\" style=\"width: 20px; height: 20px;\"><\/div>\n        <\/div>\n            <div class=\"kksr-star\" data-star=\"4\" style=\"padding-right: 4px\">\n            \n\n<div class=\"kksr-icon\" style=\"width: 20px; height: 20px;\"><\/div>\n        <\/div>\n            <div class=\"kksr-star\" data-star=\"5\" style=\"padding-right: 4px\">\n            \n\n<div class=\"kksr-icon\" style=\"width: 20px; height: 20px;\"><\/div>\n        <\/div>\n    <\/div>\n    \n<div class=\"kksr-stars-active\" style=\"width: 118px;\">\n            <div class=\"kksr-star\" style=\"padding-right: 4px\">\n            \n\n<div class=\"kksr-icon\" style=\"width: 20px; height: 20px;\"><\/div>\n        <\/div>\n            <div class=\"kksr-star\" style=\"padding-right: 4px\">\n            \n\n<div class=\"kksr-icon\" style=\"width: 20px; height: 20px;\"><\/div>\n        <\/div>\n            <div class=\"kksr-star\" style=\"padding-right: 4px\">\n            \n\n<div class=\"kksr-icon\" style=\"width: 20px; height: 20px;\"><\/div>\n        <\/div>\n            <div class=\"kksr-star\" style=\"padding-right: 4px\">\n            \n\n<div class=\"kksr-icon\" style=\"width: 20px; height: 20px;\"><\/div>\n        <\/div>\n            <div class=\"kksr-star\" style=\"padding-right: 4px\">\n            \n\n<div class=\"kksr-icon\" style=\"width: 20px; height: 20px;\"><\/div>\n        <\/div>\n    <\/div>\n<\/div>\n                \n\n<div class=\"kksr-legend\" style=\"font-size: 16px;\">\n            5\/5 - (3 votes)    <\/div>\n    <\/div>\n  <\/div>\r\n  \t\t<div class=\"elementor-shortcode\"><\/div>\n\t\t\t\t\t\t<\/div>\n\t\t\t\t<\/div>\n\t\t\t\t\t<\/div>\n\t\t<\/div>\n\t\t\t\t\t<\/div>\n\t\t<\/section>\n\t\t\t\t<\/div>","protected":false},"excerpt":{"rendered":"<p>Quiero tener mi p\u00e1gina web, \u00bfqu\u00e9 necesito para empezar? Breve explicaci\u00f3n de Hostings y Dominios. Si has decidido lanzarte en tu primera aventura virtual con tu p\u00e1gina web puede que tengas un mont\u00f3n de dudas al respeto de c\u00f3mo empezar exactamente con todo esto. \u00a1\u00c9STO ES NORMAL! De las preguntas que m\u00e1s me suelen preguntar [&hellip;]<\/p>\n","protected":false},"author":2,"featured_media":0,"parent":638,"menu_order":0,"comment_status":"closed","ping_status":"closed","template":"","meta":{"inline_featured_image":false,"footnotes":""},"class_list":["post-665","page","type-page","status-publish","hentry"],"_links":{"self":[{"href":"https:\/\/polforns.com\/ca\/wp-json\/wp\/v2\/pages\/665","targetHints":{"allow":["GET"]}}],"collection":[{"href":"https:\/\/polforns.com\/ca\/wp-json\/wp\/v2\/pages"}],"about":[{"href":"https:\/\/polforns.com\/ca\/wp-json\/wp\/v2\/types\/page"}],"author":[{"embeddable":true,"href":"https:\/\/polforns.com\/ca\/wp-json\/wp\/v2\/users\/2"}],"replies":[{"embeddable":true,"href":"https:\/\/polforns.com\/ca\/wp-json\/wp\/v2\/comments?post=665"}],"version-history":[{"count":5,"href":"https:\/\/polforns.com\/ca\/wp-json\/wp\/v2\/pages\/665\/revisions"}],"predecessor-version":[{"id":2022,"href":"https:\/\/polforns.com\/ca\/wp-json\/wp\/v2\/pages\/665\/revisions\/2022"}],"up":[{"embeddable":true,"href":"https:\/\/polforns.com\/ca\/wp-json\/wp\/v2\/pages\/638"}],"wp:attachment":[{"href":"https:\/\/polforns.com\/ca\/wp-json\/wp\/v2\/media?parent=665"}],"curies":[{"name":"wp","href":"https:\/\/api.w.org\/{rel}","templated":true}]}}